{"id":24292,"date":"2020-09-20T17:26:08","date_gmt":"2020-09-20T17:26:08","guid":{"rendered":"http:\/\/capa.treibesbunt.de\/news-exhibitions\/"},"modified":"2026-01-14T14:58:31","modified_gmt":"2026-01-14T14:58:31","slug":"news-fairs","status":"publish","type":"page","link":"https:\/\/capa-international.com\/en\/news-fairs\/","title":{"rendered":"News &amp; Fairs"},"content":{"rendered":"<section id=\"#news\" data-vc-full-width=\"true\" data-vc-full-width-init=\"false\" data-parallax-background-ratio=\"0.3\" class=\"vc_row wpb_row vc_row-fluid  vc_custom_1600798952268 wow fadeIn vc_row-has-fill pofo-stretch-content pofo-stretch-row-container vc_row-o-content-middle vc_row-flex parallax\"><div class=\"bg-extra-dark-gray bg-overlay\" style=\"opacity:0.3; \"><\/div><div class=\"wpb_column vc_column_container vc_col-sm-12  col-xs-mobile-fullwidth text-left md-text-left sm-text-left xs-text-left\"><div class=\"vc_column-inner \"><div class=\"wpb_wrapper\">[vc_custom_heading text=&#8221;News &amp; Fairs&#8221; font_container=&#8221;tag:h1|text_align:left|color:%23ffffff|line_height:46px&#8221; google_fonts=&#8221;font_family:Montserrat%3Aregular%2C700|font_style:700%20bold%20regular%3A700%3Anormal&#8221; css_animation=&#8221;bounceInLeft&#8221; css=&#8221;.vc_custom_1600630734748{margin-top: 4% !important;}&#8221;]<\/div><\/div><\/div><\/section><div class=\"vc_row-full-width vc_clearfix\"><\/div><section class=\"vc_row wpb_row vc_row-fluid  vc_custom_1639931886695\"><div class=\"wpb_column vc_column_container vc_col-sm-12  col-xs-mobile-fullwidth\"><div class=\"vc_column-inner \"><div class=\"wpb_wrapper\"><div class=\"pofo-blog-grid\"><div class=\"col-2-nth-item gutter-large blog-post-gutter\"><div class=\"blog-post-style3 blog-style4-1 padding-10px-all col-md-6 col-sm-6 col-xs-12  wow bounceInRight\"><div class=\"post-24688 post type-post status-publish format-standard has-post-thumbnail hentry category-uncategorized\"><div class=\"grid-item\"><div class=\"blog-post bg-light-gray inner-match-height\"><div class=\"blog-post-images overflow-hidden position-relative text-center\"><a href=\"https:\/\/capa-international.com\/en\/flexible-packaging-papers\/\"><img width=\"1920\" height=\"1280\" src=\"https:\/\/capa-international.com\/wp-content\/uploads\/2021\/12\/mosaico-1.jpg\" class=\"attachment-full size-full wp-post-image\" alt=\"\" loading=\"lazy\" title=\"\" srcset=\"https:\/\/capa-international.com\/wp-content\/uploads\/2021\/12\/mosaico-1.jpg 1920w, https:\/\/capa-international.com\/wp-content\/uploads\/2021\/12\/mosaico-1-300x200.jpg 300w, https:\/\/capa-international.com\/wp-content\/uploads\/2021\/12\/mosaico-1-1024x683.jpg 1024w, https:\/\/capa-international.com\/wp-content\/uploads\/2021\/12\/mosaico-1-768x512.jpg 768w, https:\/\/capa-international.com\/wp-content\/uploads\/2021\/12\/mosaico-1-1536x1024.jpg 1536w, https:\/\/capa-international.com\/wp-content\/uploads\/2021\/12\/mosaico-1-1157x771.jpg 1157w, https:\/\/capa-international.com\/wp-content\/uploads\/2021\/12\/mosaico-1-120x80.jpg 120w, https:\/\/capa-international.com\/wp-content\/uploads\/2021\/12\/mosaico-1-81x54.jpg 81w\" sizes=\"(max-width: 1920px) 100vw, 1920px\" \/><div class=\"blog-hover-icon\"><\/div><\/a><\/div><div class=\"post-details padding-ten-all sm-padding-20px-all xs-text-center\"><div class=\"blog-hover-color\"><\/div><a class=\"alt-font post-title text-medium text-extra-dark-gray display-block entry-title\" href=\"https:\/\/capa-international.com\/en\/flexible-packaging-papers\/\">Flexible Packaging Papers<\/a><div class=\"entry-content no-margin-bottom margin-15px-top\">[vc_single_image image=\"24662\" img_size=\"full\" css_animation=\"fadeInLeft\"] Mosaico Spa, Italy is expanding its range of flexible packaging papers. Sigma Block shows the future...<\/div><div class=\"separator-line-horrizontal-full bg-medium-gray margin-20px-top sm-margin-15px-top\"><\/div><div class=\"author text-extra-small text-medium-gray display-block margin-20px-top sm-margin-15px-top\"><span class=\"text-medium-gray text-extra-small display-inline-block text-uppercase\"><span class=\"pofo-blog-post-meta text-extra-small text-medium-gray display-inline-block published vertical-align-middle\">17 December 2021<\/span><time class=\"updated display-none\" datetime=\"2021-12-19T17:15:33+00:00\">19 December 2021<\/time><\/span><\/div><a href=\"https:\/\/capa-international.com\/en\/flexible-packaging-papers\/\" class=\"btn-black btn no-margin-bottom margin-20px-top sm-margin-15px-top white-space-normal btn-very-small\">Read more.<\/a><\/div><\/div><\/div><\/div><\/div><div class=\"blog-post-style3 blog-style4-2 padding-10px-all col-md-6 col-sm-6 col-xs-12  wow bounceInRight\" data-wow-delay=\"800ms\"><div class=\"post-24634 post type-post status-publish format-standard has-post-thumbnail hentry category-uncategorized\"><div class=\"grid-item\"><div class=\"blog-post bg-light-gray inner-match-height\"><div class=\"blog-post-images overflow-hidden position-relative text-center\"><a href=\"https:\/\/capa-international.com\/en\/pbs\/\"><img width=\"1920\" height=\"1280\" src=\"https:\/\/capa-international.com\/wp-content\/uploads\/2021\/12\/fabriano.jpg\" class=\"attachment-full size-full wp-post-image\" alt=\"\" loading=\"lazy\" title=\"\" srcset=\"https:\/\/capa-international.com\/wp-content\/uploads\/2021\/12\/fabriano.jpg 1920w, https:\/\/capa-international.com\/wp-content\/uploads\/2021\/12\/fabriano-300x200.jpg 300w, https:\/\/capa-international.com\/wp-content\/uploads\/2021\/12\/fabriano-1024x683.jpg 1024w, https:\/\/capa-international.com\/wp-content\/uploads\/2021\/12\/fabriano-768x512.jpg 768w, https:\/\/capa-international.com\/wp-content\/uploads\/2021\/12\/fabriano-1536x1024.jpg 1536w, https:\/\/capa-international.com\/wp-content\/uploads\/2021\/12\/fabriano-1157x771.jpg 1157w, https:\/\/capa-international.com\/wp-content\/uploads\/2021\/12\/fabriano-120x80.jpg 120w, https:\/\/capa-international.com\/wp-content\/uploads\/2021\/12\/fabriano-81x54.jpg 81w\" sizes=\"(max-width: 1920px) 100vw, 1920px\" \/><div class=\"blog-hover-icon\"><\/div><\/a><\/div><div class=\"post-details padding-ten-all sm-padding-20px-all xs-text-center\"><div class=\"blog-hover-color\"><\/div><a class=\"alt-font post-title text-medium text-extra-dark-gray display-block entry-title\" href=\"https:\/\/capa-international.com\/en\/pbs\/\">PBS<\/a><div class=\"entry-content no-margin-bottom margin-15px-top\">[vc_single_image image=\"24766\" img_size=\"large\" css_animation=\"fadeInLeft\"] Fabriano's range of office paper has been reorganized. The three focal points of design, quality and...<\/div><div class=\"separator-line-horrizontal-full bg-medium-gray margin-20px-top sm-margin-15px-top\"><\/div><div class=\"author text-extra-small text-medium-gray display-block margin-20px-top sm-margin-15px-top\"><span class=\"text-medium-gray text-extra-small display-inline-block text-uppercase\"><span class=\"pofo-blog-post-meta text-extra-small text-medium-gray display-inline-block published vertical-align-middle\">17 December 2021<\/span><time class=\"updated display-none\" datetime=\"2021-12-19T17:06:36+00:00\">19 December 2021<\/time><\/span><\/div><a href=\"https:\/\/capa-international.com\/en\/pbs\/\" class=\"btn-black btn no-margin-bottom margin-20px-top sm-margin-15px-top white-space-normal btn-very-small\">Read more.<\/a><\/div><\/div><\/div><\/div><\/div><div class=\"blog-post-style3 blog-style4-3 padding-10px-all col-md-6 col-sm-6 col-xs-12  wow bounceInRight\" data-wow-delay=\"1600ms\"><div class=\"post-24548 post type-post status-publish format-standard hentry category-uncategorized\"><div class=\"grid-item\"><div class=\"blog-post bg-light-gray inner-match-height\"><div class=\"post-details padding-ten-all sm-padding-20px-all xs-text-center\"><div class=\"blog-hover-color\"><\/div><a class=\"alt-font post-title text-medium text-extra-dark-gray display-block entry-title\" href=\"https:\/\/capa-international.com\/en\/legal-notice\/\">Legal Notice<\/a><div class=\"entry-content no-margin-bottom margin-15px-top\">Legal Notice: According to \u00a7 5 TMG \u00a7\u00a7 2, 4 DL-InfoV Capa International GmbH Gennebrecker Stra\u00dfe 142b 42279 Wuppertal Represented...<\/div><div class=\"separator-line-horrizontal-full bg-medium-gray margin-20px-top sm-margin-15px-top\"><\/div><div class=\"author text-extra-small text-medium-gray display-block margin-20px-top sm-margin-15px-top\"><span class=\"text-medium-gray text-extra-small display-inline-block text-uppercase\"><span class=\"pofo-blog-post-meta text-extra-small text-medium-gray display-inline-block published vertical-align-middle\">02 October 2020<\/span><time class=\"updated display-none\" datetime=\"2026-01-22T11:00:14+00:00\">22 January 2026<\/time><\/span><\/div><a href=\"https:\/\/capa-international.com\/en\/legal-notice\/\" class=\"btn-black btn no-margin-bottom margin-20px-top sm-margin-15px-top white-space-normal btn-very-small\">Read more.<\/a><\/div><\/div><\/div><\/div><\/div><\/div><\/div><\/div><\/div><\/div><\/section><section data-vc-full-width=\"true\" data-vc-full-width-init=\"false\" class=\"vc_row wpb_row vc_row-fluid   wow fadeIn pofo-stretch-content pofo-stretch-row-container vc_row-o-equal-height vc_row-flex\"><div class=\"wpb_column vc_column_container vc_col-sm-6 vc_col-md-3 vc_col-xs-12 wow fadeInUp text-center pofo-column-responsive-69f47f632db3f\"><div class=\"vc_column-inner vc_custom_1507198235145\"><div class=\"wpb_wrapper\"><div class=\"featurebox21 pofo-featurebox featurebox21-1\" ><div class=\"display-inline-block margin-25px-bottom sm-margin-15px-bottom xs-margin-10px-bottom\"><i class=\"link-icon display-block icon-map-pin icon-medium\"><\/i><\/div><span class=\"text-extra-dark-gray display-inline-block width-100 text-small font-weight-600 alt-font margin-5px-bottom\">OFFICE WUPPERTAL<\/span><div class=\"xs-margin-10px-bottom center-col last-paragraph-no-margin width-70 md-width-85 sm-width-50 xs-width-60\"><div class=\"place-desc-large\">\n<div class=\"place-name\">CAPA International GmbH<\/div>\n<div class=\"address\">Gennebrecker Str. 142B,<\/div>\n<div class=\"address\">42279 Wuppertal<\/div>\n<\/div>\n<\/div><a class=\"pofo-info-link margin-15px-top xs-no-margin-top display-inline-block text-deep-pink text-small\" target=\"_self\" href=\"https:\/\/capa-international.com\/en\/wuppertal\/#mapswuppertal\">GOOGLE MAPS<\/a><\/div><\/div><\/div><\/div><div class=\"wpb_column vc_column_container vc_col-sm-6 vc_col-md-3 vc_col-xs-12 wow fadeInUp text-center pofo-column-responsive-69f47f632de37\" data-wow-delay= 200ms><div class=\"vc_column-inner vc_custom_1507198271183\"><div class=\"wpb_wrapper\"><div class=\"featurebox21 pofo-featurebox featurebox21-2\" ><div class=\"display-inline-block margin-25px-bottom sm-margin-15px-bottom xs-margin-10px-bottom\"><i class=\"link-icon display-block icon-map-pin icon-medium\"><\/i><\/div><span class=\"text-extra-dark-gray display-inline-block width-100 text-small font-weight-600 alt-font margin-5px-bottom\">OFFICE STEPHANSKIRCHEN<\/span><div class=\"xs-margin-10px-bottom center-col last-paragraph-no-margin width-70 md-width-85 sm-width-50 xs-width-60\"><div class=\"place-desc-large\">\n<div class=\"place-name\">CAPA International GmbH<\/div>\n<div class=\"address\">Haidenholzstra\u00dfe 42,<\/div>\n<div class=\"address\">83071 Stephanskirchen<\/div>\n<\/div>\n<\/div><a class=\"pofo-info-link margin-15px-top xs-no-margin-top display-inline-block text-deep-pink text-small\" target=\"_self\" href=\"https:\/\/capa-international.com\/en\/stephanskirchen\/#mapsstephanskirchen\">GOOGLE MAPS<\/a><\/div><\/div><\/div><\/div><div class=\"wpb_column vc_column_container vc_col-sm-6 vc_col-md-3 vc_col-xs-12 wow fadeInUp text-center pofo-column-responsive-69f47f632dfee\" data-wow-delay= 400ms><div class=\"vc_column-inner \"><div class=\"wpb_wrapper\"><div class=\"featurebox21 pofo-featurebox featurebox21-3\" ><div class=\"display-inline-block margin-25px-bottom sm-margin-15px-bottom xs-margin-10px-bottom\"><i class=\"link-icon display-block icon-chat icon-medium\"><\/i><\/div><span class=\"text-extra-dark-gray display-inline-block width-100 text-small font-weight-600 alt-font margin-5px-bottom\">QUESTIONS?<\/span><div class=\"xs-margin-10px-bottom center-col last-paragraph-no-margin width-70 md-width-85 sm-width-50 xs-width-60\"><p>We love to help!<br \/>\nPhone: +49 0202 25235-0<\/p>\n<\/div><a class=\"pofo-info-link margin-15px-top xs-no-margin-top display-inline-block text-deep-pink text-small\" target=\"_self\" href=\"https:\/\/capa-international.com\/en\/wuppertal\/\">JUST CALL US!<\/a><\/div><\/div><\/div><\/div><div class=\"wpb_column vc_column_container vc_col-sm-6 vc_col-md-3 vc_col-xs-12 wow fadeInUp text-center\" data-wow-delay= 600ms><div class=\"vc_column-inner \"><div class=\"wpb_wrapper\"><div class=\"featurebox21 pofo-featurebox featurebox21-4\" ><div class=\"display-inline-block margin-25px-bottom sm-margin-15px-bottom xs-margin-10px-bottom\"><i class=\"link-icon display-block icon-envelope icon-medium\"><\/i><\/div><span class=\"text-extra-dark-gray display-inline-block width-100 text-small font-weight-600 alt-font margin-5px-bottom\">WRITE US!<\/span><div class=\"xs-margin-10px-bottom center-col last-paragraph-no-margin width-70 md-width-85 sm-width-50 xs-width-60\"><p><a href=\"mailto:info@capa-international.com\">info@capa-<br \/>\ninternational.com<\/a><\/p>\n<\/div><a class=\"pofo-info-link margin-15px-top xs-no-margin-top display-inline-block text-deep-pink text-small\" target=\"_self\" href=\"mailto:info@capa-international.com\">SEND AN E-MAIL!<\/a><\/div><\/div><\/div><\/div><\/section><div class=\"vc_row-full-width vc_clearfix\"><\/div>\n","protected":false},"excerpt":{"rendered":"Legal Notice: According to \u00a7 5 TMG \u00a7\u00a7 2, 4 DL-InfoV Capa International GmbH Gennebrecker Stra\u00dfe 142b 42279 Wuppertal Represented by Wolfgang Schmitz &amp; Joris Schmitz Contact: Phone: +49 (0)202 \/ 25 23 50 Fax: +49 (0)202 \/ 25 23 5-29 Email: info@capa-international.com Register entry: Registerred in the commercial register Registry court: Wuppertal Registry number: HRB5987 VAT-ID: VAT ID number according to \u00a727a sales tax law: DE811362909 Copyright All texts, images, graphics and concepts as well as arrangements are subject to copyright and other laws for the protection of intellectual property. They may not be copied, changed or used in any other way for other purposes or transfer without the prior agreement with Markensicht. Liability Notice Despite careful control of the content, we are not liable for the contents of external links. The operator of the linked sites are solely responsible for their content. Layout and Programming: MARKENSICHT Agentur f\u00fcr Film- und Medienproduktion D\u00fcnnwalder Mauspfad 322 51069 K\u00f6ln www.markensicht.com mail@markensicht.com Phone: 0221 \u2013 1689 0000 Privacy: Information on usage The usage of this website is normally possible without providing personal data. Insofar as personal data (e.g. name, address or E-Mail addresses) are requested on this page, this is always on...","protected":false},"author":5,"featured_media":0,"parent":0,"menu_order":0,"comment_status":"closed","ping_status":"closed","template":"","meta":[],"_links":{"self":[{"href":"https:\/\/capa-international.com\/en\/wp-json\/wp\/v2\/pages\/24292"}],"collection":[{"href":"https:\/\/capa-international.com\/en\/wp-json\/wp\/v2\/pages"}],"about":[{"href":"https:\/\/capa-international.com\/en\/wp-json\/wp\/v2\/types\/page"}],"author":[{"embeddable":true,"href":"https:\/\/capa-international.com\/en\/wp-json\/wp\/v2\/users\/5"}],"replies":[{"embeddable":true,"href":"https:\/\/capa-international.com\/en\/wp-json\/wp\/v2\/comments?post=24292"}],"version-history":[{"count":18,"href":"https:\/\/capa-international.com\/en\/wp-json\/wp\/v2\/pages\/24292\/revisions"}],"predecessor-version":[{"id":25207,"href":"https:\/\/capa-international.com\/en\/wp-json\/wp\/v2\/pages\/24292\/revisions\/25207"}],"wp:attachment":[{"href":"https:\/\/capa-international.com\/en\/wp-json\/wp\/v2\/media?parent=24292"}],"curies":[{"name":"wp","href":"https:\/\/api.w.org\/{rel}","templated":true}]}}